{"id":1041,"date":"2025-01-23T22:06:13","date_gmt":"2025-01-23T22:06:13","guid":{"rendered":"https:\/\/proyectosurbanosgt.com\/?page_id=1041"},"modified":"2025-01-23T22:06:13","modified_gmt":"2025-01-23T22:06:13","slug":"construccion-de-domo-exterior-ingenio-pantaleon","status":"publish","type":"page","link":"https:\/\/proyectosurbanosgt.com\/?page_id=1041","title":{"rendered":"Construcci\u00f3n de Domo Exterior Ingenio Pantale\u00f3n"},"content":{"rendered":"<p>[et_pb_section fb_built=\u00bb1&#8243; custom_padding_last_edited=\u00bbon|phone\u00bb _builder_version=\u00bb4.27.0&#8243; _module_preset=\u00bbdefault\u00bb background_color=\u00bb#FFFFFF\u00bb custom_padding=\u00bb30px||3px||false|false\u00bb custom_padding_tablet=\u00bb40px||||false|false\u00bb custom_padding_phone=\u00bb40px||||false|false\u00bb global_colors_info=\u00bb{}\u00bb theme_builder_area=\u00bbpost_content\u00bb][et_pb_row column_structure=\u00bb1_2,1_2&#8243; _builder_version=\u00bb4.27.0&#8243; _module_preset=\u00bbdefault\u00bb background_enable_image=\u00bboff\u00bb width=\u00bb90%\u00bb max_width=\u00bb100%\u00bb border_radii=\u00bbon|10px|10px|10px|10px\u00bb global_colors_info=\u00bb{}\u00bb theme_builder_area=\u00bbpost_content\u00bb][et_pb_column type=\u00bb1_2&#8243; _builder_version=\u00bb4.27.0&#8243; _module_preset=\u00bbdefault\u00bb global_colors_info=\u00bb{}\u00bb theme_builder_area=\u00bbpost_content\u00bb][et_pb_text _builder_version=\u00bb4.27.4&#8243; _module_preset=\u00bbdefault\u00bb text_text_color=\u00bb#363636&#8243; header_2_font=\u00bbInter|700||on|||||\u00bb header_2_text_color=\u00bb#1c1c1c\u00bb header_2_font_size=\u00bb30px\u00bb hover_enabled=\u00bb0&#8243; header_2_font_size_tablet=\u00bb30px\u00bb header_2_font_size_phone=\u00bb30px\u00bb header_2_font_size_last_edited=\u00bbon|desktop\u00bb global_colors_info=\u00bb{}\u00bb theme_builder_area=\u00bbpost_content\u00bb sticky_enabled=\u00bb0&#8243;]<\/p>\n<h2>Construcci\u00f3n de Domo Exterior Ingenio Pantale\u00f3n<\/h2>\n<p>Proyecto de Construcci\u00f3n<\/p>\n<p>[\/et_pb_text][dsm_image_hover_reveal src=\u00bbhttps:\/\/proyectosurbanosgt.com\/wp-content\/uploads\/2025\/01\/ANTIGUA-BORAL-RENDER_01-Luis-Angel-1.jpg\u00bb _builder_version=\u00bb4.27.4&#8243; _module_preset=\u00bbdefault\u00bb hover_enabled=\u00bb0&#8243; global_colors_info=\u00bb{}\u00bb theme_builder_area=\u00bbpost_content\u00bb title_text=\u00bbANTIGUA-BORAL-RENDER_01&#8212;Luis-Angel\u00bb sticky_enabled=\u00bb0&#8243;][\/dsm_image_hover_reveal][\/et_pb_column][et_pb_column type=\u00bb1_2&#8243; _builder_version=\u00bb4.27.0&#8243; _module_preset=\u00bbdefault\u00bb background_color=\u00bb#fafafa\u00bb custom_padding=\u00bb3%|3%|3%|3%|true|true\u00bb global_colors_info=\u00bb{}\u00bb theme_builder_area=\u00bbpost_content\u00bb][et_pb_text _builder_version=\u00bb4.27.4&#8243; _module_preset=\u00bbdefault\u00bb text_text_color=\u00bb#363636&#8243; header_2_font=\u00bbInter|700||on|||||\u00bb header_2_text_color=\u00bb#1c1c1c\u00bb hover_enabled=\u00bb0&#8243; global_colors_info=\u00bb{}\u00bb theme_builder_area=\u00bbpost_content\u00bb sticky_enabled=\u00bb0&#8243;]<\/p>\n<h2>Descripci\u00f3n<\/h2>\n<p>Construcci\u00f3n en fase de obra gris de domo exterior de almacenaje en el Ingenio Pantaleon para conservaci\u00f3n de la azucar con capacidad de 60 mil toneladas.<\/p>\n<p>[\/et_pb_text][et_pb_text _builder_version=\u00bb4.27.4&#8243; _module_preset=\u00bbdefault\u00bb text_text_color=\u00bb#363636&#8243; hover_enabled=\u00bb0&#8243; global_colors_info=\u00bb{}\u00bb theme_builder_area=\u00bbpost_content\u00bb sticky_enabled=\u00bb0&#8243;]<\/p>\n<p><strong>Cliente:<\/strong> Ingenio Pantale\u00f3n<\/p>\n<p><strong>Ubicaci\u00f3n:<\/strong> Municipio Santa Luc\u00eda cotzumalguapa, Escuintla.<\/p>\n<p><strong>A\u00f1o<\/strong>: Octubre 2019<\/p>\n<p><strong>\u00c1rea de construcci\u00f3n:<\/strong> 500 mts\u00b2<\/p>\n<p><strong>Servicios Relacionados:<\/strong> Obra gris, fundici\u00f3n de concreto reforzado, estructuras, movimiento de tierras, movimiento de cargas sobredimensionadas.<\/p>\n<p>[\/et_pb_text][\/et_pb_column][\/et_pb_row][et_pb_row _builder_version=\u00bb4.27.0&#8243; _module_preset=\u00bbdefault\u00bb custom_padding=\u00bb||9px|||\u00bb global_colors_info=\u00bb{}\u00bb theme_builder_area=\u00bbpost_content\u00bb][et_pb_column type=\u00bb4_4&#8243; _builder_version=\u00bb4.27.0&#8243; _module_preset=\u00bbdefault\u00bb global_colors_info=\u00bb{}\u00bb theme_builder_area=\u00bbpost_content\u00bb][et_pb_divider color=\u00bb#848484&#8243; _builder_version=\u00bb4.27.0&#8243; _module_preset=\u00bbdefault\u00bb global_colors_info=\u00bb{}\u00bb theme_builder_area=\u00bbpost_content\u00bb][\/et_pb_divider][\/et_pb_column][\/et_pb_row][\/et_pb_section][et_pb_section fb_built=\u00bb1&#8243; _builder_version=\u00bb4.27.0&#8243; _module_preset=\u00bbdefault\u00bb background_color=\u00bb#fafafa\u00bb custom_padding=\u00bb19px|||||\u00bb global_colors_info=\u00bb{}\u00bb theme_builder_area=\u00bbpost_content\u00bb][et_pb_row _builder_version=\u00bb4.27.0&#8243; _module_preset=\u00bbdefault\u00bb width=\u00bb90%\u00bb max_width=\u00bb100%\u00bb global_colors_info=\u00bb{}\u00bb theme_builder_area=\u00bbpost_content\u00bb][et_pb_column type=\u00bb4_4&#8243; _builder_version=\u00bb4.27.0&#8243; _module_preset=\u00bbdefault\u00bb global_colors_info=\u00bb{}\u00bb theme_builder_area=\u00bbpost_content\u00bb][dsm_masonry_gallery gallery_ids=\u00bb1050,1051,1052,1053,1054,1055,1056&#8243; lazyload=\u00bbon\u00bb use_overlay=\u00bbon\u00bb overlay_title=\u00bboff\u00bb overlay_caption=\u00bboff\u00bb use_lightbox=\u00bbon\u00bb lightbox_title=\u00bboff\u00bb lightbox_caption=\u00bboff\u00bb overlay_color=\u00bbrgba(54,54,54,0.3)\u00bb use_zoom_on_hover=\u00bbon\u00bb columns_tablet=\u00bb2&#8243; columns_phone=\u00bb2&#8243; columns_last_edited=\u00bbon|phone\u00bb _builder_version=\u00bb4.27.4&#8243; _module_preset=\u00bbdefault\u00bb hover_enabled=\u00bb0&#8243; global_colors_info=\u00bb{}\u00bb theme_builder_area=\u00bbpost_content\u00bb sticky_enabled=\u00bb0&#8243;][\/dsm_masonry_gallery][\/et_pb_column][\/et_pb_row][\/et_pb_section]<\/p>\n","protected":false},"excerpt":{"rendered":"<p>Construcci\u00f3n de Domo Exterior Ingenio Pantale\u00f3n Proyecto de Construcci\u00f3n<div class=\"et_pb_module dsm_image_hover_reveal dsm_image_hover_reveal_1\">\n\t\t\t\t\n\t\t\t\t\n\t\t\t\t\n\t\t\t\t\n\t\t\t\t\n\t\t\t\t\n\t\t\t\t<div class=\"et_pb_module_inner\">\n\t\t\t\t\t<div class=\"dsm-image-reveal\">\n\t\t\t\t\n\t\t\t\t\n\t\t\t\t<span class=\"et_pb_image_wrap vert-slide-down\" data-columnss=\"5\"><span class=\"dsm-image-reveal-back\"><\/span><\/span>\n\t\t\t<\/div>\n\t\t\t\t<\/div>\n\t\t\t<\/div>Descripci\u00f3n Construcci\u00f3n en fase de obra gris de domo exterior de almacenaje en el Ingenio Pantaleon para conservaci\u00f3n de la azucar con capacidad de 60 mil toneladas.Cliente: Ingenio Pantale\u00f3n Ubicaci\u00f3n: Municipio Santa Luc\u00eda cotzumalguapa, Escuintla. A\u00f1o: Octubre 2019 \u00c1rea de construcci\u00f3n: 500 mts\u00b2 Servicios Relacionados: Obra gris, fundici\u00f3n de concreto reforzado, estructuras, movimiento de tierras, movimiento de cargas sobredimensionadas.<div class=\"et_pb_module dsm_masonry_gallery dsm_masonry_gallery_1\">\n\t\t\t\t\n\t\t\t\t\n\t\t\t\t\n\t\t\t\t\n\t\t\t\t\n\t\t\t\t\n\t\t\t\t<div class=\"et_pb_module_inner\">\n\t\t\t\t\t<div class=\"dsm-gallery grid dsm_masonry_zoom_hover\" data-lightbox=\"true\" data-horizontalorder=\"true\">\n                <div class=\"grid-sizer\"><\/div><div class=\"gutter-sizer\"><\/div><div class=\"grid-item\">\n                    <a href=\"https:\/\/proyectosurbanosgt.com\/wp-content\/uploads\/2025\/01\/ANTIGUA-BORAL-RENDER_01-Luis-Angel-2.jpg\"   data-mfp-src=\"https:\/\/proyectosurbanosgt.com\/wp-content\/uploads\/2025\/01\/ANTIGUA-BORAL-RENDER_01-Luis-Angel-2.jpg\">\n                        <div class=\"et_pb_image_wrap\">\n                            <img loading=\"lazy\" decoding=\"async\" src=\"https:\/\/proyectosurbanosgt.com\/wp-content\/uploads\/2025\/01\/ANTIGUA-BORAL-RENDER_01-Luis-Angel-2.jpg\" title=\"ANTIGUA-BORAL-RENDER_01&#8212;Luis-Angel\" alt=\"\" class=\"\" srcset=\"https:\/\/proyectosurbanosgt.com\/wp-content\/uploads\/2025\/01\/ANTIGUA-BORAL-RENDER_01-Luis-Angel-2.jpg 1600w, https:\/\/proyectosurbanosgt.com\/wp-content\/uploads\/2025\/01\/ANTIGUA-BORAL-RENDER_01-Luis-Angel-2-1280x640.jpg 1280w, https:\/\/proyectosurbanosgt.com\/wp-content\/uploads\/2025\/01\/ANTIGUA-BORAL-RENDER_01-Luis-Angel-2-980x490.jpg 980w, https:\/\/proyectosurbanosgt.com\/wp-content\/uploads\/2025\/01\/ANTIGUA-BORAL-RENDER_01-Luis-Angel-2-480x240.jpg 480w\" sizes=\"(min-width: 0px) and (max-width: 480px) 480px, (min-width: 481px) and (max-width: 980px) 980px, (min-width: 981px) and (max-width: 1280px) 1280px, (min-width: 1281px) 1600px, 100vw\" width=\"1600\" height=\"800\" \/>\n                            <span class=\"et_overlay dsm-overlay\">\n                        <div class=\"dsm-overlay-inner\">\n                            \n                            \n\t\t\t\t\t\t\t<p class=\"dsm-overlay-desc\">\n                    \n                <\/p>\n                        <\/div>\n                    <\/span>\n                        <\/div>\n                    <\/a>\n                <\/div><div class=\"grid-item\">\n                    <a href=\"https:\/\/proyectosurbanosgt.com\/wp-content\/uploads\/2025\/01\/PANTALEON-1-Luis-Angel.jpg\"   data-mfp-src=\"https:\/\/proyectosurbanosgt.com\/wp-content\/uploads\/2025\/01\/PANTALEON-1-Luis-Angel.jpg\">\n                        <div class=\"et_pb_image_wrap\">\n                            <img loading=\"lazy\" decoding=\"async\" src=\"https:\/\/proyectosurbanosgt.com\/wp-content\/uploads\/2025\/01\/PANTALEON-1-Luis-Angel.jpg\" title=\"PANTALEON 1 &#8211; Luis Angel\" alt=\"\" class=\"\" srcset=\"https:\/\/proyectosurbanosgt.com\/wp-content\/uploads\/2025\/01\/PANTALEON-1-Luis-Angel.jpg 800w, https:\/\/proyectosurbanosgt.com\/wp-content\/uploads\/2025\/01\/PANTALEON-1-Luis-Angel-480x480.jpg 480w\" sizes=\"(min-width: 0px) and (max-width: 480px) 480px, (min-width: 481px) 800px, 100vw\" width=\"800\" height=\"800\" \/>\n                            <span class=\"et_overlay dsm-overlay\">\n                        <div class=\"dsm-overlay-inner\">\n                            \n                            \n\t\t\t\t\t\t\t<p class=\"dsm-overlay-desc\">\n                    \n                <\/p>\n                        <\/div>\n                    <\/span>\n                        <\/div>\n                    <\/a>\n                <\/div><div class=\"grid-item\">\n                    <a href=\"https:\/\/proyectosurbanosgt.com\/wp-content\/uploads\/2025\/01\/PANTALEON-2-Luis-Angel.jpg\"   data-mfp-src=\"https:\/\/proyectosurbanosgt.com\/wp-content\/uploads\/2025\/01\/PANTALEON-2-Luis-Angel.jpg\">\n                        <div class=\"et_pb_image_wrap\">\n                            <img loading=\"lazy\" decoding=\"async\" src=\"https:\/\/proyectosurbanosgt.com\/wp-content\/uploads\/2025\/01\/PANTALEON-2-Luis-Angel.jpg\" title=\"PANTALEON 2 &#8211; Luis Angel\" alt=\"\" class=\"\" srcset=\"https:\/\/proyectosurbanosgt.com\/wp-content\/uploads\/2025\/01\/PANTALEON-2-Luis-Angel.jpg 800w, https:\/\/proyectosurbanosgt.com\/wp-content\/uploads\/2025\/01\/PANTALEON-2-Luis-Angel-480x480.jpg 480w\" sizes=\"(min-width: 0px) and (max-width: 480px) 480px, (min-width: 481px) 800px, 100vw\" width=\"800\" height=\"800\" \/>\n                            <span class=\"et_overlay dsm-overlay\">\n                        <div class=\"dsm-overlay-inner\">\n                            \n                            \n\t\t\t\t\t\t\t<p class=\"dsm-overlay-desc\">\n                    \n                <\/p>\n                        <\/div>\n                    <\/span>\n                        <\/div>\n                    <\/a>\n                <\/div><div class=\"grid-item\">\n                    <a href=\"https:\/\/proyectosurbanosgt.com\/wp-content\/uploads\/2025\/01\/PANTALEON-3-Luis-Angel-1.jpg\"   data-mfp-src=\"https:\/\/proyectosurbanosgt.com\/wp-content\/uploads\/2025\/01\/PANTALEON-3-Luis-Angel-1.jpg\">\n                        <div class=\"et_pb_image_wrap\">\n                            <img loading=\"lazy\" decoding=\"async\" src=\"https:\/\/proyectosurbanosgt.com\/wp-content\/uploads\/2025\/01\/PANTALEON-3-Luis-Angel-1.jpg\" title=\"PANTALEON 3 &#8211; Luis Angel\" alt=\"\" class=\"\" srcset=\"https:\/\/proyectosurbanosgt.com\/wp-content\/uploads\/2025\/01\/PANTALEON-3-Luis-Angel-1.jpg 800w, https:\/\/proyectosurbanosgt.com\/wp-content\/uploads\/2025\/01\/PANTALEON-3-Luis-Angel-1-480x480.jpg 480w\" sizes=\"(min-width: 0px) and (max-width: 480px) 480px, (min-width: 481px) 800px, 100vw\" width=\"800\" height=\"800\" \/>\n                            <span class=\"et_overlay dsm-overlay\">\n                        <div class=\"dsm-overlay-inner\">\n                            \n                            \n\t\t\t\t\t\t\t<p class=\"dsm-overlay-desc\">\n                    \n                <\/p>\n                        <\/div>\n                    <\/span>\n                        <\/div>\n                    <\/a>\n                <\/div><div class=\"grid-item\">\n                    <a href=\"https:\/\/proyectosurbanosgt.com\/wp-content\/uploads\/2025\/01\/PANTALEON-4-Luis-Angel.jpg\"   data-mfp-src=\"https:\/\/proyectosurbanosgt.com\/wp-content\/uploads\/2025\/01\/PANTALEON-4-Luis-Angel.jpg\">\n                        <div class=\"et_pb_image_wrap\">\n                            <img loading=\"lazy\" decoding=\"async\" src=\"https:\/\/proyectosurbanosgt.com\/wp-content\/uploads\/2025\/01\/PANTALEON-4-Luis-Angel.jpg\" title=\"PANTALEON 4 &#8211; Luis Angel\" alt=\"\" class=\"\" srcset=\"https:\/\/proyectosurbanosgt.com\/wp-content\/uploads\/2025\/01\/PANTALEON-4-Luis-Angel.jpg 800w, https:\/\/proyectosurbanosgt.com\/wp-content\/uploads\/2025\/01\/PANTALEON-4-Luis-Angel-480x480.jpg 480w\" sizes=\"(min-width: 0px) and (max-width: 480px) 480px, (min-width: 481px) 800px, 100vw\" width=\"800\" height=\"800\" \/>\n                            <span class=\"et_overlay dsm-overlay\">\n                        <div class=\"dsm-overlay-inner\">\n                            \n                            \n\t\t\t\t\t\t\t<p class=\"dsm-overlay-desc\">\n                    \n                <\/p>\n                        <\/div>\n                    <\/span>\n                        <\/div>\n                    <\/a>\n                <\/div><div class=\"grid-item\">\n                    <a href=\"https:\/\/proyectosurbanosgt.com\/wp-content\/uploads\/2025\/01\/PANTALEON-5-Luis-Angel.jpg\"   data-mfp-src=\"https:\/\/proyectosurbanosgt.com\/wp-content\/uploads\/2025\/01\/PANTALEON-5-Luis-Angel.jpg\">\n                        <div class=\"et_pb_image_wrap\">\n                            <img loading=\"lazy\" decoding=\"async\" src=\"https:\/\/proyectosurbanosgt.com\/wp-content\/uploads\/2025\/01\/PANTALEON-5-Luis-Angel.jpg\" title=\"PANTALEON 5 &#8211; Luis Angel\" alt=\"\" class=\"\" srcset=\"https:\/\/proyectosurbanosgt.com\/wp-content\/uploads\/2025\/01\/PANTALEON-5-Luis-Angel.jpg 800w, https:\/\/proyectosurbanosgt.com\/wp-content\/uploads\/2025\/01\/PANTALEON-5-Luis-Angel-480x480.jpg 480w\" sizes=\"(min-width: 0px) and (max-width: 480px) 480px, (min-width: 481px) 800px, 100vw\" width=\"800\" height=\"800\" \/>\n                            <span class=\"et_overlay dsm-overlay\">\n                        <div class=\"dsm-overlay-inner\">\n                            \n                            \n\t\t\t\t\t\t\t<p class=\"dsm-overlay-desc\">\n                    \n                <\/p>\n                        <\/div>\n                    <\/span>\n                        <\/div>\n                    <\/a>\n                <\/div><div class=\"grid-item\">\n                    <a href=\"https:\/\/proyectosurbanosgt.com\/wp-content\/uploads\/2025\/01\/PANTALEON-6-Luis-Angel.jpg\"   data-mfp-src=\"https:\/\/proyectosurbanosgt.com\/wp-content\/uploads\/2025\/01\/PANTALEON-6-Luis-Angel.jpg\">\n                        <div class=\"et_pb_image_wrap\">\n                            <img loading=\"lazy\" decoding=\"async\" src=\"https:\/\/proyectosurbanosgt.com\/wp-content\/uploads\/2025\/01\/PANTALEON-6-Luis-Angel.jpg\" title=\"PANTALEON 6 &#8211; Luis Angel\" alt=\"\" class=\"\" srcset=\"https:\/\/proyectosurbanosgt.com\/wp-content\/uploads\/2025\/01\/PANTALEON-6-Luis-Angel.jpg 800w, https:\/\/proyectosurbanosgt.com\/wp-content\/uploads\/2025\/01\/PANTALEON-6-Luis-Angel-480x480.jpg 480w\" sizes=\"(min-width: 0px) and (max-width: 480px) 480px, (min-width: 481px) 800px, 100vw\" width=\"800\" height=\"800\" \/>\n                            <span class=\"et_overlay dsm-overlay\">\n                        <div class=\"dsm-overlay-inner\">\n                            \n                            \n\t\t\t\t\t\t\t<p class=\"dsm-overlay-desc\">\n                    \n                <\/p>\n                        <\/div>\n                    <\/span>\n                        <\/div>\n                    <\/a>\n                <\/div>\n             <\/div>\n\t\t\t\t<\/div>\n\t\t\t<\/div><\/p>\n","protected":false},"author":2,"featured_media":0,"parent":1037,"menu_order":0,"comment_status":"closed","ping_status":"closed","template":"","meta":{"_et_pb_use_builder":"on","_et_pb_old_content":"","_et_gb_content_width":"","footnotes":""},"class_list":["post-1041","page","type-page","status-publish","hentry"],"yoast_head":"<!-- This site is optimized with the Yoast SEO plugin v24.3 - https:\/\/yoast.com\/wordpress\/plugins\/seo\/ -->\n<title>Construcci\u00f3n de Domo Exterior Ingenio Pantale\u00f3n - Proyectos Urbanos<\/title>\n<meta name=\"robots\" content=\"index, follow, max-snippet:-1, max-image-preview:large, max-video-preview:-1\" \/>\n<link rel=\"canonical\" href=\"https:\/\/proyectosurbanosgt.com\/?page_id=1041\" \/>\n<meta property=\"og:locale\" content=\"es_ES\" \/>\n<meta property=\"og:type\" content=\"article\" \/>\n<meta property=\"og:title\" content=\"Construcci\u00f3n de Domo Exterior Ingenio Pantale\u00f3n - Proyectos Urbanos\" \/>\n<meta property=\"og:description\" content=\"Construcci\u00f3n de Domo Exterior Ingenio Pantale\u00f3n Proyecto de Construcci\u00f3nDescripci\u00f3n Construcci\u00f3n en fase de obra gris de domo exterior de almacenaje en el Ingenio Pantaleon para conservaci\u00f3n de la azucar con capacidad de 60 mil toneladas.Cliente: Ingenio Pantale\u00f3n Ubicaci\u00f3n: Municipio Santa Luc\u00eda cotzumalguapa, Escuintla. A\u00f1o: Octubre 2019 \u00c1rea de construcci\u00f3n: 500 mts\u00b2 Servicios Relacionados: Obra gris, fundici\u00f3n de concreto reforzado, estructuras, movimiento de tierras, movimiento de cargas sobredimensionadas.\" \/>\n<meta property=\"og:url\" content=\"https:\/\/proyectosurbanosgt.com\/?page_id=1041\" \/>\n<meta property=\"og:site_name\" content=\"Proyectos Urbanos\" \/>\n<meta name=\"twitter:card\" content=\"summary_large_image\" \/>\n<meta name=\"twitter:label1\" content=\"Tiempo de lectura\" \/>\n\t<meta name=\"twitter:data1\" content=\"3 minutos\" \/>\n<script type=\"application\/ld+json\" class=\"yoast-schema-graph\">{\"@context\":\"https:\/\/schema.org\",\"@graph\":[{\"@type\":\"WebPage\",\"@id\":\"https:\/\/proyectosurbanosgt.com\/?page_id=1041\",\"url\":\"https:\/\/proyectosurbanosgt.com\/?page_id=1041\",\"name\":\"Construcci\u00f3n de Domo Exterior Ingenio Pantale\u00f3n - Proyectos Urbanos\",\"isPartOf\":{\"@id\":\"https:\/\/proyectosurbanosgt.com\/#website\"},\"datePublished\":\"2025-01-23T22:06:13+00:00\",\"dateModified\":\"2025-01-23T22:06:13+00:00\",\"breadcrumb\":{\"@id\":\"https:\/\/proyectosurbanosgt.com\/?page_id=1041#breadcrumb\"},\"inLanguage\":\"es\",\"potentialAction\":[{\"@type\":\"ReadAction\",\"target\":[\"https:\/\/proyectosurbanosgt.com\/?page_id=1041\"]}]},{\"@type\":\"BreadcrumbList\",\"@id\":\"https:\/\/proyectosurbanosgt.com\/?page_id=1041#breadcrumb\",\"itemListElement\":[{\"@type\":\"ListItem\",\"position\":1,\"name\":\"Home\",\"item\":\"https:\/\/proyectosurbanosgt.com\/\"},{\"@type\":\"ListItem\",\"position\":2,\"name\":\"Proyectos de Construcci\u00f3n\",\"item\":\"https:\/\/proyectosurbanosgt.com\/?page_id=1037\"},{\"@type\":\"ListItem\",\"position\":3,\"name\":\"Construcci\u00f3n de Domo Exterior Ingenio Pantale\u00f3n\"}]},{\"@type\":\"WebSite\",\"@id\":\"https:\/\/proyectosurbanosgt.com\/#website\",\"url\":\"https:\/\/proyectosurbanosgt.com\/\",\"name\":\"Proyectos Urbanos\",\"description\":\"Creemos que el dise\u00f1o planificaci\u00f3n y desarrollo de proyectos, transforman vidas y comunidades\",\"potentialAction\":[{\"@type\":\"SearchAction\",\"target\":{\"@type\":\"EntryPoint\",\"urlTemplate\":\"https:\/\/proyectosurbanosgt.com\/?s={search_term_string}\"},\"query-input\":{\"@type\":\"PropertyValueSpecification\",\"valueRequired\":true,\"valueName\":\"search_term_string\"}}],\"inLanguage\":\"es\"}]}<\/script>\n<!-- \/ Yoast SEO plugin. -->","yoast_head_json":{"title":"Construcci\u00f3n de Domo Exterior Ingenio Pantale\u00f3n - Proyectos Urbanos","robots":{"index":"index","follow":"follow","max-snippet":"max-snippet:-1","max-image-preview":"max-image-preview:large","max-video-preview":"max-video-preview:-1"},"canonical":"https:\/\/proyectosurbanosgt.com\/?page_id=1041","og_locale":"es_ES","og_type":"article","og_title":"Construcci\u00f3n de Domo Exterior Ingenio Pantale\u00f3n - Proyectos Urbanos","og_description":"Construcci\u00f3n de Domo Exterior Ingenio Pantale\u00f3n Proyecto de Construcci\u00f3nDescripci\u00f3n Construcci\u00f3n en fase de obra gris de domo exterior de almacenaje en el Ingenio Pantaleon para conservaci\u00f3n de la azucar con capacidad de 60 mil toneladas.Cliente: Ingenio Pantale\u00f3n Ubicaci\u00f3n: Municipio Santa Luc\u00eda cotzumalguapa, Escuintla. A\u00f1o: Octubre 2019 \u00c1rea de construcci\u00f3n: 500 mts\u00b2 Servicios Relacionados: Obra gris, fundici\u00f3n de concreto reforzado, estructuras, movimiento de tierras, movimiento de cargas sobredimensionadas.","og_url":"https:\/\/proyectosurbanosgt.com\/?page_id=1041","og_site_name":"Proyectos Urbanos","twitter_card":"summary_large_image","twitter_misc":{"Tiempo de lectura":"3 minutos"},"schema":{"@context":"https:\/\/schema.org","@graph":[{"@type":"WebPage","@id":"https:\/\/proyectosurbanosgt.com\/?page_id=1041","url":"https:\/\/proyectosurbanosgt.com\/?page_id=1041","name":"Construcci\u00f3n de Domo Exterior Ingenio Pantale\u00f3n - Proyectos Urbanos","isPartOf":{"@id":"https:\/\/proyectosurbanosgt.com\/#website"},"datePublished":"2025-01-23T22:06:13+00:00","dateModified":"2025-01-23T22:06:13+00:00","breadcrumb":{"@id":"https:\/\/proyectosurbanosgt.com\/?page_id=1041#breadcrumb"},"inLanguage":"es","potentialAction":[{"@type":"ReadAction","target":["https:\/\/proyectosurbanosgt.com\/?page_id=1041"]}]},{"@type":"BreadcrumbList","@id":"https:\/\/proyectosurbanosgt.com\/?page_id=1041#breadcrumb","itemListElement":[{"@type":"ListItem","position":1,"name":"Home","item":"https:\/\/proyectosurbanosgt.com\/"},{"@type":"ListItem","position":2,"name":"Proyectos de Construcci\u00f3n","item":"https:\/\/proyectosurbanosgt.com\/?page_id=1037"},{"@type":"ListItem","position":3,"name":"Construcci\u00f3n de Domo Exterior Ingenio Pantale\u00f3n"}]},{"@type":"WebSite","@id":"https:\/\/proyectosurbanosgt.com\/#website","url":"https:\/\/proyectosurbanosgt.com\/","name":"Proyectos Urbanos","description":"Creemos que el dise\u00f1o planificaci\u00f3n y desarrollo de proyectos, transforman vidas y comunidades","potentialAction":[{"@type":"SearchAction","target":{"@type":"EntryPoint","urlTemplate":"https:\/\/proyectosurbanosgt.com\/?s={search_term_string}"},"query-input":{"@type":"PropertyValueSpecification","valueRequired":true,"valueName":"search_term_string"}}],"inLanguage":"es"}]}},"_links":{"self":[{"href":"https:\/\/proyectosurbanosgt.com\/index.php?rest_route=\/wp\/v2\/pages\/1041","targetHints":{"allow":["GET"]}}],"collection":[{"href":"https:\/\/proyectosurbanosgt.com\/index.php?rest_route=\/wp\/v2\/pages"}],"about":[{"href":"https:\/\/proyectosurbanosgt.com\/index.php?rest_route=\/wp\/v2\/types\/page"}],"author":[{"embeddable":true,"href":"https:\/\/proyectosurbanosgt.com\/index.php?rest_route=\/wp\/v2\/users\/2"}],"replies":[{"embeddable":true,"href":"https:\/\/proyectosurbanosgt.com\/index.php?rest_route=%2Fwp%2Fv2%2Fcomments&post=1041"}],"version-history":[{"count":2,"href":"https:\/\/proyectosurbanosgt.com\/index.php?rest_route=\/wp\/v2\/pages\/1041\/revisions"}],"predecessor-version":[{"id":1057,"href":"https:\/\/proyectosurbanosgt.com\/index.php?rest_route=\/wp\/v2\/pages\/1041\/revisions\/1057"}],"up":[{"embeddable":true,"href":"https:\/\/proyectosurbanosgt.com\/index.php?rest_route=\/wp\/v2\/pages\/1037"}],"wp:attachment":[{"href":"https:\/\/proyectosurbanosgt.com\/index.php?rest_route=%2Fwp%2Fv2%2Fmedia&parent=1041"}],"curies":[{"name":"wp","href":"https:\/\/api.w.org\/{rel}","templated":true}]}}