{"id":1085,"date":"2025-01-23T22:38:06","date_gmt":"2025-01-23T22:38:06","guid":{"rendered":"https:\/\/proyectosurbanosgt.com\/?page_id=1085"},"modified":"2025-01-23T22:38:06","modified_gmt":"2025-01-23T22:38:06","slug":"remodelacion-de-oficinas-administrativas-prepuerto-santo-tomas-de-castilla","status":"publish","type":"page","link":"https:\/\/proyectosurbanosgt.com\/?page_id=1085","title":{"rendered":"Remodelaci\u00f3n de Oficinas administrativas, Prepuerto Santo Tom\u00e1s de Castilla"},"content":{"rendered":"<p>[et_pb_section fb_built=\u00bb1&#8243; custom_padding_last_edited=\u00bbon|phone\u00bb _builder_version=\u00bb4.27.0&#8243; _module_preset=\u00bbdefault\u00bb background_color=\u00bb#FFFFFF\u00bb custom_padding=\u00bb30px||3px||false|false\u00bb custom_padding_tablet=\u00bb40px||||false|false\u00bb custom_padding_phone=\u00bb40px||||false|false\u00bb global_colors_info=\u00bb{}\u00bb theme_builder_area=\u00bbpost_content\u00bb][et_pb_row column_structure=\u00bb1_2,1_2&#8243; _builder_version=\u00bb4.27.0&#8243; _module_preset=\u00bbdefault\u00bb background_enable_image=\u00bboff\u00bb width=\u00bb90%\u00bb max_width=\u00bb100%\u00bb border_radii=\u00bbon|10px|10px|10px|10px\u00bb global_colors_info=\u00bb{}\u00bb theme_builder_area=\u00bbpost_content\u00bb][et_pb_column type=\u00bb1_2&#8243; _builder_version=\u00bb4.27.0&#8243; _module_preset=\u00bbdefault\u00bb global_colors_info=\u00bb{}\u00bb theme_builder_area=\u00bbpost_content\u00bb][et_pb_text _builder_version=\u00bb4.27.0&#8243; _module_preset=\u00bbdefault\u00bb text_text_color=\u00bb#363636&#8243; header_2_font=\u00bbInter|700||on|||||\u00bb header_2_text_color=\u00bb#1c1c1c\u00bb header_2_font_size=\u00bb30px\u00bb header_2_font_size_tablet=\u00bb30px\u00bb header_2_font_size_phone=\u00bb30px\u00bb header_2_font_size_last_edited=\u00bbon|desktop\u00bb global_colors_info=\u00bb{}\u00bb theme_builder_area=\u00bbpost_content\u00bb]<\/p>\n<h2>Remodelaci\u00f3n de Oficinas administrativas, Prepuerto Santo Tom\u00e1s de Castilla<\/h2>\n<p>Proyecto de planificaci\u00f3n<\/p>\n<p>[\/et_pb_text][dsm_image_hover_reveal src=\u00bbhttps:\/\/proyectosurbanosgt.com\/wp-content\/uploads\/2025\/01\/ANTIGUA-BORAL-RENDER_01-Luis-Angel-1-1.jpg\u00bb _builder_version=\u00bb4.27.0&#8243; _module_preset=\u00bbdefault\u00bb global_colors_info=\u00bb{}\u00bb theme_builder_area=\u00bbpost_content\u00bb][\/dsm_image_hover_reveal][\/et_pb_column][et_pb_column type=\u00bb1_2&#8243; _builder_version=\u00bb4.27.0&#8243; _module_preset=\u00bbdefault\u00bb background_color=\u00bb#fafafa\u00bb custom_padding=\u00bb3%|3%|3%|3%|true|true\u00bb global_colors_info=\u00bb{}\u00bb theme_builder_area=\u00bbpost_content\u00bb][et_pb_text _builder_version=\u00bb4.27.0&#8243; _module_preset=\u00bbdefault\u00bb text_text_color=\u00bb#363636&#8243; header_2_font=\u00bbInter|700||on|||||\u00bb header_2_text_color=\u00bb#1c1c1c\u00bb global_colors_info=\u00bb{}\u00bb theme_builder_area=\u00bbpost_content\u00bb]<\/p>\n<h2>Descripci\u00f3n<\/h2>\n<p>Remodelaci\u00f3n de \u00e1rea administrativa, \u00e1reas de estar de pilotos, \u00e1reas de servicios, estacionamiento, se\u00f1alizaci\u00f3n e iluminaci\u00f3n de Prepuerto.<\/p>\n<p>[\/et_pb_text][et_pb_text _builder_version=\u00bb4.27.0&#8243; _module_preset=\u00bbdefault\u00bb text_text_color=\u00bb#363636&#8243; global_colors_info=\u00bb{}\u00bb theme_builder_area=\u00bbpost_content\u00bb]<\/p>\n<p><strong>Cliente:<\/strong> Prepuerto Santo Tom\u00e1s de Castilla<\/p>\n<p><strong>Ubicaci\u00f3n:<\/strong> Km. 294. Prepuerto Santo Tom\u00e1s de Castilla, oficina central.<\/p>\n<p><strong>A\u00f1o<\/strong>: Febrero 2023<\/p>\n<p><strong>\u00c1rea de construcci\u00f3n:<\/strong> 1,500 mts\u00b2<\/p>\n<p><strong>Servicios Relacionados:<\/strong> Dise\u00f1o de anteproyecto y prefactibilidad. Propuesta de Interiorismo, acabados, mobiliario, iluminaci\u00f3n, y remodelaciones.<\/p>\n<p>[\/et_pb_text][\/et_pb_column][\/et_pb_row][et_pb_row _builder_version=\u00bb4.27.0&#8243; _module_preset=\u00bbdefault\u00bb custom_padding=\u00bb||9px|||\u00bb global_colors_info=\u00bb{}\u00bb theme_builder_area=\u00bbpost_content\u00bb][et_pb_column type=\u00bb4_4&#8243; _builder_version=\u00bb4.27.0&#8243; _module_preset=\u00bbdefault\u00bb global_colors_info=\u00bb{}\u00bb theme_builder_area=\u00bbpost_content\u00bb][et_pb_divider color=\u00bb#848484&#8243; _builder_version=\u00bb4.27.0&#8243; _module_preset=\u00bbdefault\u00bb global_colors_info=\u00bb{}\u00bb theme_builder_area=\u00bbpost_content\u00bb][\/et_pb_divider][\/et_pb_column][\/et_pb_row][\/et_pb_section][et_pb_section fb_built=\u00bb1&#8243; _builder_version=\u00bb4.27.0&#8243; _module_preset=\u00bbdefault\u00bb background_color=\u00bb#fafafa\u00bb custom_padding=\u00bb19px|||||\u00bb global_colors_info=\u00bb{}\u00bb theme_builder_area=\u00bbpost_content\u00bb][et_pb_row _builder_version=\u00bb4.27.0&#8243; _module_preset=\u00bbdefault\u00bb width=\u00bb90%\u00bb max_width=\u00bb100%\u00bb global_colors_info=\u00bb{}\u00bb theme_builder_area=\u00bbpost_content\u00bb][et_pb_column type=\u00bb4_4&#8243; _builder_version=\u00bb4.27.0&#8243; _module_preset=\u00bbdefault\u00bb global_colors_info=\u00bb{}\u00bb theme_builder_area=\u00bbpost_content\u00bb][dsm_masonry_gallery gallery_ids=\u00bb1035,1088,1089,1090,1087,1091&#8243; lazyload=\u00bbon\u00bb dsm_sort_images_order=\u00bbrand\u00bb use_overlay=\u00bbon\u00bb overlay_title=\u00bboff\u00bb overlay_caption=\u00bboff\u00bb use_lightbox=\u00bbon\u00bb lightbox_title=\u00bboff\u00bb lightbox_caption=\u00bboff\u00bb overlay_color=\u00bbrgba(54,54,54,0.3)\u00bb use_zoom_on_hover=\u00bbon\u00bb columns_tablet=\u00bb2&#8243; columns_phone=\u00bb2&#8243; columns_last_edited=\u00bbon|phone\u00bb _builder_version=\u00bb4.27.0&#8243; _module_preset=\u00bbdefault\u00bb global_colors_info=\u00bb{}\u00bb theme_builder_area=\u00bbpost_content\u00bb][\/dsm_masonry_gallery][\/et_pb_column][\/et_pb_row][\/et_pb_section]<\/p>\n","protected":false},"excerpt":{"rendered":"<p>Remodelaci\u00f3n de Oficinas administrativas, Prepuerto Santo Tom\u00e1s de Castilla Proyecto de planificaci\u00f3n<div class=\"et_pb_module dsm_image_hover_reveal dsm_image_hover_reveal_1\">\n\t\t\t\t\n\t\t\t\t\n\t\t\t\t\n\t\t\t\t\n\t\t\t\t\n\t\t\t\t\n\t\t\t\t<div class=\"et_pb_module_inner\">\n\t\t\t\t\t<div class=\"dsm-image-reveal\">\n\t\t\t\t\n\t\t\t\t\n\t\t\t\t<span class=\"et_pb_image_wrap vert-slide-down\" data-columnss=\"5\"><span class=\"dsm-image-reveal-back\"><\/span><\/span>\n\t\t\t<\/div>\n\t\t\t\t<\/div>\n\t\t\t<\/div>Descripci\u00f3n Remodelaci\u00f3n de \u00e1rea administrativa, \u00e1reas de estar de pilotos, \u00e1reas de servicios, estacionamiento, se\u00f1alizaci\u00f3n e iluminaci\u00f3n de Prepuerto.Cliente: Prepuerto Santo Tom\u00e1s de Castilla Ubicaci\u00f3n: Km. 294. Prepuerto Santo Tom\u00e1s de Castilla, oficina central. A\u00f1o: Febrero 2023 \u00c1rea de construcci\u00f3n: 1,500 mts\u00b2 Servicios Relacionados: Dise\u00f1o de anteproyecto y prefactibilidad. Propuesta de Interiorismo, acabados, mobiliario, iluminaci\u00f3n, y remodelaciones.<div class=\"et_pb_module dsm_masonry_gallery dsm_masonry_gallery_1\">\n\t\t\t\t\n\t\t\t\t\n\t\t\t\t\n\t\t\t\t\n\t\t\t\t\n\t\t\t\t\n\t\t\t\t<div class=\"et_pb_module_inner\">\n\t\t\t\t\t<div class=\"dsm-gallery grid dsm_masonry_zoom_hover\" data-lightbox=\"true\" data-horizontalorder=\"true\">\n                <div class=\"grid-sizer\"><\/div><div class=\"gutter-sizer\"><\/div><div class=\"grid-item\">\n                    <a href=\"https:\/\/proyectosurbanosgt.com\/wp-content\/uploads\/2025\/01\/PREPUERTO-RENDER_03-Luis-Angel.jpg\"   data-mfp-src=\"https:\/\/proyectosurbanosgt.com\/wp-content\/uploads\/2025\/01\/PREPUERTO-RENDER_03-Luis-Angel.jpg\">\n                        <div class=\"et_pb_image_wrap\">\n                            <img loading=\"lazy\" decoding=\"async\" src=\"https:\/\/proyectosurbanosgt.com\/wp-content\/uploads\/2025\/01\/PREPUERTO-RENDER_03-Luis-Angel.jpg\" title=\"PREPUERTO-RENDER_03-Luis-Angel\" alt=\"\" class=\"\" srcset=\"https:\/\/proyectosurbanosgt.com\/wp-content\/uploads\/2025\/01\/PREPUERTO-RENDER_03-Luis-Angel.jpg 800w, https:\/\/proyectosurbanosgt.com\/wp-content\/uploads\/2025\/01\/PREPUERTO-RENDER_03-Luis-Angel-480x480.jpg 480w\" sizes=\"(min-width: 0px) and (max-width: 480px) 480px, (min-width: 481px) 800px, 100vw\" width=\"800\" height=\"800\" \/>\n                            <span class=\"et_overlay dsm-overlay\">\n                        <div class=\"dsm-overlay-inner\">\n                            \n                            \n\t\t\t\t\t\t\t<p class=\"dsm-overlay-desc\">\n                    \n                <\/p>\n                        <\/div>\n                    <\/span>\n                        <\/div>\n                    <\/a>\n                <\/div><div class=\"grid-item\">\n                    <a href=\"https:\/\/proyectosurbanosgt.com\/wp-content\/uploads\/2025\/01\/PREPUERTO-RENDER_05-Luis-Angel.jpg\"   data-mfp-src=\"https:\/\/proyectosurbanosgt.com\/wp-content\/uploads\/2025\/01\/PREPUERTO-RENDER_05-Luis-Angel.jpg\">\n                        <div class=\"et_pb_image_wrap\">\n                            <img loading=\"lazy\" decoding=\"async\" src=\"https:\/\/proyectosurbanosgt.com\/wp-content\/uploads\/2025\/01\/PREPUERTO-RENDER_05-Luis-Angel.jpg\" title=\"PREPUERTO-RENDER_05-Luis-Angel\" alt=\"\" class=\"\" srcset=\"https:\/\/proyectosurbanosgt.com\/wp-content\/uploads\/2025\/01\/PREPUERTO-RENDER_05-Luis-Angel.jpg 800w, https:\/\/proyectosurbanosgt.com\/wp-content\/uploads\/2025\/01\/PREPUERTO-RENDER_05-Luis-Angel-480x480.jpg 480w\" sizes=\"(min-width: 0px) and (max-width: 480px) 480px, (min-width: 481px) 800px, 100vw\" width=\"800\" height=\"800\" \/>\n                            <span class=\"et_overlay dsm-overlay\">\n                        <div class=\"dsm-overlay-inner\">\n                            \n                            \n\t\t\t\t\t\t\t<p class=\"dsm-overlay-desc\">\n                    \n                <\/p>\n                        <\/div>\n                    <\/span>\n                        <\/div>\n                    <\/a>\n                <\/div><div class=\"grid-item\">\n                    <a href=\"https:\/\/proyectosurbanosgt.com\/wp-content\/uploads\/2025\/01\/ANTIGUA-BORAL-RENDER_01-Luis-Angel-1-1.jpg\"   data-mfp-src=\"https:\/\/proyectosurbanosgt.com\/wp-content\/uploads\/2025\/01\/ANTIGUA-BORAL-RENDER_01-Luis-Angel-1-1.jpg\">\n                        <div class=\"et_pb_image_wrap\">\n                            <img loading=\"lazy\" decoding=\"async\" src=\"https:\/\/proyectosurbanosgt.com\/wp-content\/uploads\/2025\/01\/ANTIGUA-BORAL-RENDER_01-Luis-Angel-1-1.jpg\" title=\"ANTIGUA-BORAL-RENDER_01-Luis-Angel-1-1\" alt=\"\" class=\"\" srcset=\"https:\/\/proyectosurbanosgt.com\/wp-content\/uploads\/2025\/01\/ANTIGUA-BORAL-RENDER_01-Luis-Angel-1-1.jpg 1600w, https:\/\/proyectosurbanosgt.com\/wp-content\/uploads\/2025\/01\/ANTIGUA-BORAL-RENDER_01-Luis-Angel-1-1-1280x640.jpg 1280w, https:\/\/proyectosurbanosgt.com\/wp-content\/uploads\/2025\/01\/ANTIGUA-BORAL-RENDER_01-Luis-Angel-1-1-980x490.jpg 980w, https:\/\/proyectosurbanosgt.com\/wp-content\/uploads\/2025\/01\/ANTIGUA-BORAL-RENDER_01-Luis-Angel-1-1-480x240.jpg 480w\" sizes=\"(min-width: 0px) and (max-width: 480px) 480px, (min-width: 481px) and (max-width: 980px) 980px, (min-width: 981px) and (max-width: 1280px) 1280px, (min-width: 1281px) 1600px, 100vw\" width=\"1600\" height=\"800\" \/>\n                            <span class=\"et_overlay dsm-overlay\">\n                        <div class=\"dsm-overlay-inner\">\n                            \n                            \n\t\t\t\t\t\t\t<p class=\"dsm-overlay-desc\">\n                    \n                <\/p>\n                        <\/div>\n                    <\/span>\n                        <\/div>\n                    <\/a>\n                <\/div><div class=\"grid-item\">\n                    <a href=\"https:\/\/proyectosurbanosgt.com\/wp-content\/uploads\/2025\/01\/PREPUERTO-RENDER_06-Luis-Angel-1.jpg\"   data-mfp-src=\"https:\/\/proyectosurbanosgt.com\/wp-content\/uploads\/2025\/01\/PREPUERTO-RENDER_06-Luis-Angel-1.jpg\">\n                        <div class=\"et_pb_image_wrap\">\n                            <img loading=\"lazy\" decoding=\"async\" src=\"https:\/\/proyectosurbanosgt.com\/wp-content\/uploads\/2025\/01\/PREPUERTO-RENDER_06-Luis-Angel-1.jpg\" title=\"PREPUERTO-RENDER_06-Luis-Angel-1\" alt=\"\" class=\"\" srcset=\"https:\/\/proyectosurbanosgt.com\/wp-content\/uploads\/2025\/01\/PREPUERTO-RENDER_06-Luis-Angel-1.jpg 800w, https:\/\/proyectosurbanosgt.com\/wp-content\/uploads\/2025\/01\/PREPUERTO-RENDER_06-Luis-Angel-1-480x480.jpg 480w\" sizes=\"(min-width: 0px) and (max-width: 480px) 480px, (min-width: 481px) 800px, 100vw\" width=\"800\" height=\"800\" \/>\n                            <span class=\"et_overlay dsm-overlay\">\n                        <div class=\"dsm-overlay-inner\">\n                            \n                            \n\t\t\t\t\t\t\t<p class=\"dsm-overlay-desc\">\n                    \n                <\/p>\n                        <\/div>\n                    <\/span>\n                        <\/div>\n                    <\/a>\n                <\/div><div class=\"grid-item\">\n                    <a href=\"https:\/\/proyectosurbanosgt.com\/wp-content\/uploads\/2025\/01\/PREPUERTO-RENDER_02-Luis-Angel.jpg\"   data-mfp-src=\"https:\/\/proyectosurbanosgt.com\/wp-content\/uploads\/2025\/01\/PREPUERTO-RENDER_02-Luis-Angel.jpg\">\n                        <div class=\"et_pb_image_wrap\">\n                            <img loading=\"lazy\" decoding=\"async\" src=\"https:\/\/proyectosurbanosgt.com\/wp-content\/uploads\/2025\/01\/PREPUERTO-RENDER_02-Luis-Angel.jpg\" title=\"PREPUERTO-RENDER_02-Luis-Angel\" alt=\"\" class=\"\" srcset=\"https:\/\/proyectosurbanosgt.com\/wp-content\/uploads\/2025\/01\/PREPUERTO-RENDER_02-Luis-Angel.jpg 800w, https:\/\/proyectosurbanosgt.com\/wp-content\/uploads\/2025\/01\/PREPUERTO-RENDER_02-Luis-Angel-480x480.jpg 480w\" sizes=\"(min-width: 0px) and (max-width: 480px) 480px, (min-width: 481px) 800px, 100vw\" width=\"800\" height=\"800\" \/>\n                            <span class=\"et_overlay dsm-overlay\">\n                        <div class=\"dsm-overlay-inner\">\n                            \n                            \n\t\t\t\t\t\t\t<p class=\"dsm-overlay-desc\">\n                    \n                <\/p>\n                        <\/div>\n                    <\/span>\n                        <\/div>\n                    <\/a>\n                <\/div><div class=\"grid-item\">\n                    <a href=\"https:\/\/proyectosurbanosgt.com\/wp-content\/uploads\/2025\/01\/PREPUERTO-RENDER_04-Luis-Angel.jpg\"   data-mfp-src=\"https:\/\/proyectosurbanosgt.com\/wp-content\/uploads\/2025\/01\/PREPUERTO-RENDER_04-Luis-Angel.jpg\">\n                        <div class=\"et_pb_image_wrap\">\n                            <img loading=\"lazy\" decoding=\"async\" src=\"https:\/\/proyectosurbanosgt.com\/wp-content\/uploads\/2025\/01\/PREPUERTO-RENDER_04-Luis-Angel.jpg\" title=\"PREPUERTO-RENDER_04-Luis-Angel\" alt=\"\" class=\"\" srcset=\"https:\/\/proyectosurbanosgt.com\/wp-content\/uploads\/2025\/01\/PREPUERTO-RENDER_04-Luis-Angel.jpg 800w, https:\/\/proyectosurbanosgt.com\/wp-content\/uploads\/2025\/01\/PREPUERTO-RENDER_04-Luis-Angel-480x480.jpg 480w\" sizes=\"(min-width: 0px) and (max-width: 480px) 480px, (min-width: 481px) 800px, 100vw\" width=\"800\" height=\"800\" \/>\n                            <span class=\"et_overlay dsm-overlay\">\n                        <div class=\"dsm-overlay-inner\">\n                            \n                            \n\t\t\t\t\t\t\t<p class=\"dsm-overlay-desc\">\n                    \n                <\/p>\n                        <\/div>\n                    <\/span>\n                        <\/div>\n                    <\/a>\n                <\/div>\n             <\/div>\n\t\t\t\t<\/div>\n\t\t\t<\/div><\/p>\n","protected":false},"author":2,"featured_media":0,"parent":0,"menu_order":0,"comment_status":"closed","ping_status":"closed","template":"","meta":{"_et_pb_use_builder":"on","_et_pb_old_content":"","_et_gb_content_width":"","footnotes":""},"class_list":["post-1085","page","type-page","status-publish","hentry"],"yoast_head":"<!-- This site is optimized with the Yoast SEO plugin v24.3 - https:\/\/yoast.com\/wordpress\/plugins\/seo\/ -->\n<title>Remodelaci\u00f3n de Oficinas administrativas, Prepuerto Santo Tom\u00e1s de Castilla - Proyectos Urbanos<\/title>\n<meta name=\"robots\" content=\"index, follow, max-snippet:-1, max-image-preview:large, max-video-preview:-1\" \/>\n<link rel=\"canonical\" href=\"https:\/\/proyectosurbanosgt.com\/?page_id=1085\" \/>\n<meta property=\"og:locale\" content=\"es_ES\" \/>\n<meta property=\"og:type\" content=\"article\" \/>\n<meta property=\"og:title\" content=\"Remodelaci\u00f3n de Oficinas administrativas, Prepuerto Santo Tom\u00e1s de Castilla - Proyectos Urbanos\" \/>\n<meta property=\"og:description\" content=\"Remodelaci\u00f3n de Oficinas administrativas, Prepuerto Santo Tom\u00e1s de Castilla Proyecto de planificaci\u00f3nDescripci\u00f3n Remodelaci\u00f3n de \u00e1rea administrativa, \u00e1reas de estar de pilotos, \u00e1reas de servicios, estacionamiento, se\u00f1alizaci\u00f3n e iluminaci\u00f3n de Prepuerto.Cliente: Prepuerto Santo Tom\u00e1s de Castilla Ubicaci\u00f3n: Km. 294. Prepuerto Santo Tom\u00e1s de Castilla, oficina central. A\u00f1o: Febrero 2023 \u00c1rea de construcci\u00f3n: 1,500 mts\u00b2 Servicios Relacionados: Dise\u00f1o de anteproyecto y prefactibilidad. Propuesta de Interiorismo, acabados, mobiliario, iluminaci\u00f3n, y remodelaciones.\" \/>\n<meta property=\"og:url\" content=\"https:\/\/proyectosurbanosgt.com\/?page_id=1085\" \/>\n<meta property=\"og:site_name\" content=\"Proyectos Urbanos\" \/>\n<meta name=\"twitter:card\" content=\"summary_large_image\" \/>\n<meta name=\"twitter:label1\" content=\"Tiempo de lectura\" \/>\n\t<meta name=\"twitter:data1\" content=\"3 minutos\" \/>\n<script type=\"application\/ld+json\" class=\"yoast-schema-graph\">{\"@context\":\"https:\/\/schema.org\",\"@graph\":[{\"@type\":\"WebPage\",\"@id\":\"https:\/\/proyectosurbanosgt.com\/?page_id=1085\",\"url\":\"https:\/\/proyectosurbanosgt.com\/?page_id=1085\",\"name\":\"Remodelaci\u00f3n de Oficinas administrativas, Prepuerto Santo Tom\u00e1s de Castilla - Proyectos Urbanos\",\"isPartOf\":{\"@id\":\"https:\/\/proyectosurbanosgt.com\/#website\"},\"datePublished\":\"2025-01-23T22:38:06+00:00\",\"dateModified\":\"2025-01-23T22:38:06+00:00\",\"breadcrumb\":{\"@id\":\"https:\/\/proyectosurbanosgt.com\/?page_id=1085#breadcrumb\"},\"inLanguage\":\"es\",\"potentialAction\":[{\"@type\":\"ReadAction\",\"target\":[\"https:\/\/proyectosurbanosgt.com\/?page_id=1085\"]}]},{\"@type\":\"BreadcrumbList\",\"@id\":\"https:\/\/proyectosurbanosgt.com\/?page_id=1085#breadcrumb\",\"itemListElement\":[{\"@type\":\"ListItem\",\"position\":1,\"name\":\"Home\",\"item\":\"https:\/\/proyectosurbanosgt.com\/\"},{\"@type\":\"ListItem\",\"position\":2,\"name\":\"Remodelaci\u00f3n de Oficinas administrativas, Prepuerto Santo Tom\u00e1s de Castilla\"}]},{\"@type\":\"WebSite\",\"@id\":\"https:\/\/proyectosurbanosgt.com\/#website\",\"url\":\"https:\/\/proyectosurbanosgt.com\/\",\"name\":\"Proyectos Urbanos\",\"description\":\"Creemos que el dise\u00f1o planificaci\u00f3n y desarrollo de proyectos, transforman vidas y comunidades\",\"potentialAction\":[{\"@type\":\"SearchAction\",\"target\":{\"@type\":\"EntryPoint\",\"urlTemplate\":\"https:\/\/proyectosurbanosgt.com\/?s={search_term_string}\"},\"query-input\":{\"@type\":\"PropertyValueSpecification\",\"valueRequired\":true,\"valueName\":\"search_term_string\"}}],\"inLanguage\":\"es\"}]}<\/script>\n<!-- \/ Yoast SEO plugin. -->","yoast_head_json":{"title":"Remodelaci\u00f3n de Oficinas administrativas, Prepuerto Santo Tom\u00e1s de Castilla - Proyectos Urbanos","robots":{"index":"index","follow":"follow","max-snippet":"max-snippet:-1","max-image-preview":"max-image-preview:large","max-video-preview":"max-video-preview:-1"},"canonical":"https:\/\/proyectosurbanosgt.com\/?page_id=1085","og_locale":"es_ES","og_type":"article","og_title":"Remodelaci\u00f3n de Oficinas administrativas, Prepuerto Santo Tom\u00e1s de Castilla - Proyectos Urbanos","og_description":"Remodelaci\u00f3n de Oficinas administrativas, Prepuerto Santo Tom\u00e1s de Castilla Proyecto de planificaci\u00f3nDescripci\u00f3n Remodelaci\u00f3n de \u00e1rea administrativa, \u00e1reas de estar de pilotos, \u00e1reas de servicios, estacionamiento, se\u00f1alizaci\u00f3n e iluminaci\u00f3n de Prepuerto.Cliente: Prepuerto Santo Tom\u00e1s de Castilla Ubicaci\u00f3n: Km. 294. Prepuerto Santo Tom\u00e1s de Castilla, oficina central. A\u00f1o: Febrero 2023 \u00c1rea de construcci\u00f3n: 1,500 mts\u00b2 Servicios Relacionados: Dise\u00f1o de anteproyecto y prefactibilidad. Propuesta de Interiorismo, acabados, mobiliario, iluminaci\u00f3n, y remodelaciones.","og_url":"https:\/\/proyectosurbanosgt.com\/?page_id=1085","og_site_name":"Proyectos Urbanos","twitter_card":"summary_large_image","twitter_misc":{"Tiempo de lectura":"3 minutos"},"schema":{"@context":"https:\/\/schema.org","@graph":[{"@type":"WebPage","@id":"https:\/\/proyectosurbanosgt.com\/?page_id=1085","url":"https:\/\/proyectosurbanosgt.com\/?page_id=1085","name":"Remodelaci\u00f3n de Oficinas administrativas, Prepuerto Santo Tom\u00e1s de Castilla - Proyectos Urbanos","isPartOf":{"@id":"https:\/\/proyectosurbanosgt.com\/#website"},"datePublished":"2025-01-23T22:38:06+00:00","dateModified":"2025-01-23T22:38:06+00:00","breadcrumb":{"@id":"https:\/\/proyectosurbanosgt.com\/?page_id=1085#breadcrumb"},"inLanguage":"es","potentialAction":[{"@type":"ReadAction","target":["https:\/\/proyectosurbanosgt.com\/?page_id=1085"]}]},{"@type":"BreadcrumbList","@id":"https:\/\/proyectosurbanosgt.com\/?page_id=1085#breadcrumb","itemListElement":[{"@type":"ListItem","position":1,"name":"Home","item":"https:\/\/proyectosurbanosgt.com\/"},{"@type":"ListItem","position":2,"name":"Remodelaci\u00f3n de Oficinas administrativas, Prepuerto Santo Tom\u00e1s de Castilla"}]},{"@type":"WebSite","@id":"https:\/\/proyectosurbanosgt.com\/#website","url":"https:\/\/proyectosurbanosgt.com\/","name":"Proyectos Urbanos","description":"Creemos que el dise\u00f1o planificaci\u00f3n y desarrollo de proyectos, transforman vidas y comunidades","potentialAction":[{"@type":"SearchAction","target":{"@type":"EntryPoint","urlTemplate":"https:\/\/proyectosurbanosgt.com\/?s={search_term_string}"},"query-input":{"@type":"PropertyValueSpecification","valueRequired":true,"valueName":"search_term_string"}}],"inLanguage":"es"}]}},"_links":{"self":[{"href":"https:\/\/proyectosurbanosgt.com\/index.php?rest_route=\/wp\/v2\/pages\/1085","targetHints":{"allow":["GET"]}}],"collection":[{"href":"https:\/\/proyectosurbanosgt.com\/index.php?rest_route=\/wp\/v2\/pages"}],"about":[{"href":"https:\/\/proyectosurbanosgt.com\/index.php?rest_route=\/wp\/v2\/types\/page"}],"author":[{"embeddable":true,"href":"https:\/\/proyectosurbanosgt.com\/index.php?rest_route=\/wp\/v2\/users\/2"}],"replies":[{"embeddable":true,"href":"https:\/\/proyectosurbanosgt.com\/index.php?rest_route=%2Fwp%2Fv2%2Fcomments&post=1085"}],"version-history":[{"count":2,"href":"https:\/\/proyectosurbanosgt.com\/index.php?rest_route=\/wp\/v2\/pages\/1085\/revisions"}],"predecessor-version":[{"id":1092,"href":"https:\/\/proyectosurbanosgt.com\/index.php?rest_route=\/wp\/v2\/pages\/1085\/revisions\/1092"}],"wp:attachment":[{"href":"https:\/\/proyectosurbanosgt.com\/index.php?rest_route=%2Fwp%2Fv2%2Fmedia&parent=1085"}],"curies":[{"name":"wp","href":"https:\/\/api.w.org\/{rel}","templated":true}]}}