{"id":1258,"date":"2025-01-24T18:03:52","date_gmt":"2025-01-24T18:03:52","guid":{"rendered":"https:\/\/proyectosurbanosgt.com\/?page_id=1258"},"modified":"2025-01-24T18:05:25","modified_gmt":"2025-01-24T18:05:25","slug":"contactanos","status":"publish","type":"page","link":"https:\/\/proyectosurbanosgt.com\/?page_id=1258","title":{"rendered":"Contactanos"},"content":{"rendered":"<p>[et_pb_section fb_built=\u00bb1&#8243; custom_padding_last_edited=\u00bbon|phone\u00bb _builder_version=\u00bb4.27.0&#8243; _module_preset=\u00bbdefault\u00bb background_color=\u00bb#FFFFFF\u00bb custom_padding=\u00bb30px||3px||false|false\u00bb custom_padding_tablet=\u00bb40px||||false|false\u00bb custom_padding_phone=\u00bb40px||||false|false\u00bb global_colors_info=\u00bb{}\u00bb][et_pb_row column_structure=\u00bb1_2,1_2&#8243; _builder_version=\u00bb4.27.0&#8243; _module_preset=\u00bbdefault\u00bb background_enable_image=\u00bboff\u00bb width=\u00bb90%\u00bb max_width=\u00bb100%\u00bb border_radii=\u00bbon|10px|10px|10px|10px\u00bb global_colors_info=\u00bb{}\u00bb][et_pb_column type=\u00bb1_2&#8243; _builder_version=\u00bb4.27.0&#8243; _module_preset=\u00bbdefault\u00bb global_colors_info=\u00bb{}\u00bb][et_pb_text _builder_version=\u00bb4.27.4&#8243; _module_preset=\u00bbdefault\u00bb text_text_color=\u00bb#363636&#8243; header_2_font=\u00bbInter|700||on|||||\u00bb header_2_text_color=\u00bb#1c1c1c\u00bb header_2_font_size=\u00bb30px\u00bb header_2_font_size_tablet=\u00bb30px\u00bb header_2_font_size_phone=\u00bb30px\u00bb header_2_font_size_last_edited=\u00bbon|desktop\u00bb global_colors_info=\u00bb{}\u00bb]<\/p>\n<h2>Cont\u00e1ctanos<\/h2>\n<p>Ser\u00e1 un gusto poder comunicarnos contigo.<\/p>\n<p>[\/et_pb_text][dsm_icon_list icon_gap_width=\u00bb1.2em\u00bb icon_font_size=\u00bb31px\u00bb list_space_between=\u00bb11px\u00bb text_indent=\u00bb15px\u00bb _builder_version=\u00bb4.27.4&#8243; _module_preset=\u00bbdefault\u00bb text_font=\u00bb|700|||||||\u00bb text_text_color=\u00bb#363636&#8243; text_font_size=\u00bb18px\u00bb global_colors_info=\u00bb{}\u00bb text_text_color__hover_enabled=\u00bbon|desktop\u00bb text_text_color__hover=\u00bb#FDCD00&#8243;][dsm_icon_list_child text=\u00bb+502 42170963&#8243; font_icon=\u00bb&#xf232;||fa||400&#8243; icon_color=\u00bb#cc6500&#8243; url=\u00bbhttps:\/\/wa.me\/50242170963&#8243; url_new_window=\u00bbon\u00bb _builder_version=\u00bb4.27.4&#8243; _module_preset=\u00bbdefault\u00bb global_colors_info=\u00bb{}\u00bb][\/dsm_icon_list_child][dsm_icon_list_child text=\u00bbventas@proyectosurbanosgt.com\u00bb font_icon=\u00bb&#xe010;||divi||400&#8243; icon_color=\u00bb#cc6500&#8243; url_new_window=\u00bbon\u00bb _builder_version=\u00bb4.27.4&#8243; _module_preset=\u00bbdefault\u00bb global_colors_info=\u00bb{}\u00bb][\/dsm_icon_list_child][\/dsm_icon_list][et_pb_text _builder_version=\u00bb4.27.4&#8243; _module_preset=\u00bbdefault\u00bb text_text_color=\u00bb#363636&#8243; header_2_font=\u00bbInter|700||on|||||\u00bb header_2_text_color=\u00bb#1c1c1c\u00bb header_2_font_size=\u00bb30px\u00bb header_2_font_size_tablet=\u00bb30px\u00bb header_2_font_size_phone=\u00bb30px\u00bb header_2_font_size_last_edited=\u00bbon|desktop\u00bb global_colors_info=\u00bb{}\u00bb]<\/p>\n<h2>Conecta con nosotros<\/h2>\n<p>S\u00e9 parte de nuestra comunidad<\/p>\n<p>[\/et_pb_text][dsm_icon_list icon_gap_width=\u00bb1.2em\u00bb icon_font_size=\u00bb31px\u00bb list_space_between=\u00bb11px\u00bb text_indent=\u00bb15px\u00bb _builder_version=\u00bb4.27.4&#8243; _module_preset=\u00bbdefault\u00bb text_font=\u00bb|700|||||||\u00bb text_text_color=\u00bb#363636&#8243; text_font_size=\u00bb18px\u00bb global_colors_info=\u00bb{}\u00bb text_text_color__hover_enabled=\u00bbon|desktop\u00bb text_text_color__hover=\u00bb#FDCD00&#8243;][dsm_icon_list_child text=\u00bbFacebook\u00bb font_icon=\u00bb&#xf09a;||fa||400&#8243; icon_color=\u00bb#cc6500&#8243; url=\u00bbhttps:\/\/www.facebook.com\/ProyectosUrbanosGT\/\u00bb url_new_window=\u00bbon\u00bb _builder_version=\u00bb4.27.4&#8243; _module_preset=\u00bbdefault\u00bb global_colors_info=\u00bb{}\u00bb][\/dsm_icon_list_child][dsm_icon_list_child text=\u00bbInstragram\u00bb font_icon=\u00bb&#xe0b1;||divi||400&#8243; icon_color=\u00bb#cc6500&#8243; url=\u00bbhttps:\/\/www.instagram.com\/proyectosurbanossa\u00bb url_new_window=\u00bbon\u00bb _builder_version=\u00bb4.27.4&#8243; _module_preset=\u00bbdefault\u00bb global_colors_info=\u00bb{}\u00bb][\/dsm_icon_list_child][\/dsm_icon_list][\/et_pb_column][et_pb_column type=\u00bb1_2&#8243; _builder_version=\u00bb4.27.0&#8243; _module_preset=\u00bbdefault\u00bb background_color=\u00bb#fafafa\u00bb custom_padding=\u00bb3%|3%|3%|3%|true|true\u00bb global_colors_info=\u00bb{}\u00bb][et_pb_text _builder_version=\u00bb4.27.4&#8243; _module_preset=\u00bbdefault\u00bb text_text_color=\u00bb#363636&#8243; header_2_font=\u00bbInter|700||on|||||\u00bb header_2_text_color=\u00bb#1c1c1c\u00bb hover_enabled=\u00bb0&#8243; global_colors_info=\u00bb{}\u00bb sticky_enabled=\u00bb0&#8243;]<\/p>\n<h2>Escr\u00edbenos<\/h2>\n<p>Completa el siguiente formulario para que unos de nuestros asesores te pueda contactar.\u00a0 <em>Todos los campos son obligatorios.<\/em>\u00a0<\/p>\n<p>[\/et_pb_text][et_pb_contact_form email=\u00bbzerogt.dma@gmail.com, ventas@proyectosurbanosgt,com\u00bb custom_message=\u00bbPor este medio solicito que me contacten a los siguientes datos de contacto. ||et_pb_line_break_holder||||et_pb_line_break_holder||Nombre: %%name%%||et_pb_line_break_holder||Tel\u00e9fono: %%tel%%||et_pb_line_break_holder||Correo electr\u00f3nico: %%mail%%||et_pb_line_break_holder||Interesado en: %%solucipon%%||et_pb_line_break_holder||||et_pb_line_break_holder||Este correo se env\u00eda desde el sitio web proyectosurbanosgt.com||et_pb_line_break_holder||||et_pb_line_break_holder||Atte.||et_pb_line_break_holder||||et_pb_line_break_holder||Equipo de Marketing||et_pb_line_break_holder||Proyectos Urbanos\u00bb success_message=\u00bbTus datos han sido enviados de forma exitosa\u00bb submit_button_text=\u00bbEnviar\u00bb _builder_version=\u00bb4.27.4&#8243; _module_preset=\u00bbdefault\u00bb _unique_id=\u00bb4d9571a1-acf9-493b-a08b-5912676541a5&#8243; form_field_background_color=\u00bb#e8e8e8&#8243; form_field_text_color=\u00bb#363636&#8243; form_field_focus_background_color=\u00bb#FFFFFF\u00bb form_field_focus_text_color=\u00bb#363636&#8243; captcha_font=\u00bb|700|||||||\u00bb captcha_text_color=\u00bb#000000&#8243; form_field_font=\u00bb|700|||||||\u00bb custom_button=\u00bbon\u00bb button_text_color=\u00bb#FFFFFF\u00bb button_bg_color=\u00bb#FDCD00&#8243; button_font=\u00bb|700||on|||||\u00bb global_colors_info=\u00bb{}\u00bb][et_pb_contact_field field_id=\u00bbName\u00bb field_title=\u00bbNombre\u00bb _builder_version=\u00bb4.27.4&#8243; global_colors_info=\u00bb{}\u00bb button_text_size__hover_enabled=\u00bboff\u00bb button_one_text_size__hover_enabled=\u00bboff\u00bb button_two_text_size__hover_enabled=\u00bboff\u00bb button_text_color__hover_enabled=\u00bboff\u00bb button_one_text_color__hover_enabled=\u00bboff\u00bb button_two_text_color__hover_enabled=\u00bboff\u00bb button_border_width__hover_enabled=\u00bboff\u00bb button_one_border_width__hover_enabled=\u00bboff\u00bb button_two_border_width__hover_enabled=\u00bboff\u00bb button_border_color__hover_enabled=\u00bboff\u00bb button_one_border_color__hover_enabled=\u00bboff\u00bb button_two_border_color__hover_enabled=\u00bboff\u00bb button_border_radius__hover_enabled=\u00bboff\u00bb button_one_border_radius__hover_enabled=\u00bboff\u00bb button_two_border_radius__hover_enabled=\u00bboff\u00bb button_letter_spacing__hover_enabled=\u00bboff\u00bb button_one_letter_spacing__hover_enabled=\u00bboff\u00bb button_two_letter_spacing__hover_enabled=\u00bboff\u00bb button_bg_color__hover_enabled=\u00bboff\u00bb button_one_bg_color__hover_enabled=\u00bboff\u00bb button_two_bg_color__hover_enabled=\u00bboff\u00bb][\/et_pb_contact_field][et_pb_contact_field field_id=\u00bbTel\u00bb field_title=\u00bbTel\u00e9fono:\u00bb _builder_version=\u00bb4.27.4&#8243; _module_preset=\u00bbdefault\u00bb global_colors_info=\u00bb{}\u00bb][\/et_pb_contact_field][et_pb_contact_field field_id=\u00bbEmail\u00bb field_title=\u00bbCorreo Electr\u00f3nico\u00bb field_type=\u00bbemail\u00bb fullwidth_field=\u00bbon\u00bb _builder_version=\u00bb4.27.4&#8243; global_colors_info=\u00bb{}\u00bb button_text_size__hover_enabled=\u00bboff\u00bb button_one_text_size__hover_enabled=\u00bboff\u00bb button_two_text_size__hover_enabled=\u00bboff\u00bb button_text_color__hover_enabled=\u00bboff\u00bb button_one_text_color__hover_enabled=\u00bboff\u00bb button_two_text_color__hover_enabled=\u00bboff\u00bb button_border_width__hover_enabled=\u00bboff\u00bb button_one_border_width__hover_enabled=\u00bboff\u00bb button_two_border_width__hover_enabled=\u00bboff\u00bb button_border_color__hover_enabled=\u00bboff\u00bb button_one_border_color__hover_enabled=\u00bboff\u00bb button_two_border_color__hover_enabled=\u00bboff\u00bb button_border_radius__hover_enabled=\u00bboff\u00bb button_one_border_radius__hover_enabled=\u00bboff\u00bb button_two_border_radius__hover_enabled=\u00bboff\u00bb button_letter_spacing__hover_enabled=\u00bboff\u00bb button_one_letter_spacing__hover_enabled=\u00bboff\u00bb button_two_letter_spacing__hover_enabled=\u00bboff\u00bb button_bg_color__hover_enabled=\u00bboff\u00bb button_one_bg_color__hover_enabled=\u00bboff\u00bb button_two_bg_color__hover_enabled=\u00bboff\u00bb][\/et_pb_contact_field][et_pb_contact_field field_id=\u00bbSolucion\u00bb field_title=\u00bbSoluci\u00f3n de tu inter\u00e9s\u00bb field_type=\u00bbselect\u00bb select_options=\u00bb%91{%22value%22:%22Desarrollo de Proyectos%22,%22checked%22:0,%22dragID%22:-1},{%22value%22:%22Proyecto de Construcci\u00f3n%22,%22checked%22:0,%22dragID%22:0},{%22value%22:%22Proyectos de Remodelaci\u00f3n%22,%22checked%22:0,%22dragID%22:1},{%22value%22:%22Proyecto de Planificaci\u00f3n%22,%22checked%22:0,%22dragID%22:2},{%22value%22:%22Otro%22,%22checked%22:0,%22dragID%22:3}%93&#8243; fullwidth_field=\u00bbon\u00bb _builder_version=\u00bb4.27.4&#8243; _module_preset=\u00bbdefault\u00bb global_colors_info=\u00bb{}\u00bb][\/et_pb_contact_field][\/et_pb_contact_form][\/et_pb_column][\/et_pb_row][\/et_pb_section]<\/p>\n","protected":false},"excerpt":{"rendered":"<p>Cont\u00e1ctanos Ser\u00e1 un gusto poder comunicarnos contigo.<div class=\"et_pb_module dsm_icon_list dsm_icon_list_2\">\n\t\t\t\t\n\t\t\t\t\n\t\t\t\t\n\t\t\t\t\n\t\t\t\t\n\t\t\t\t\n\t\t\t\t<div class=\"et_pb_module_inner\">\n\t\t\t\t\t<ul class=\"dsm_icon_list_items dsm_icon_list_ltr_direction dsm_icon_list_layout_vertical\"><li class=\"dsm_icon_list_child dsm_icon_list_child_4\">\n\t\t\t\t\n\t\t\t\t\n\t\t\t\t\n\t\t\t\t\n\t\t\t\t<a href=\"https:\/\/wa.me\/50242170963\" target=\"_blank\"><span class=\"dsm_icon_list_wrapper\"><span class=\"dsm_icon_list_icon\">\uf232<\/span><\/span><span class=\"dsm_icon_list_text\">+502 42170963<\/span><\/a>\n\t\t\t<\/li><li class=\"dsm_icon_list_child dsm_icon_list_child_5\">\n\t\t\t\t\n\t\t\t\t\n\t\t\t\t\n\t\t\t\t\n\t\t\t\t<span class=\"dsm_icon_list_wrapper\"><span class=\"dsm_icon_list_icon\">\ue010<\/span><\/span><span class=\"dsm_icon_list_text\">ventas@proyectosurbanosgt.com<\/span>\n\t\t\t<\/li><\/ul>\n\t\t\t\t<\/div>\n\t\t\t<\/div>Conecta con nosotros S\u00e9 parte de nuestra comunidad<div class=\"et_pb_module dsm_icon_list dsm_icon_list_3\">\n\t\t\t\t\n\t\t\t\t\n\t\t\t\t\n\t\t\t\t\n\t\t\t\t\n\t\t\t\t\n\t\t\t\t<div class=\"et_pb_module_inner\">\n\t\t\t\t\t<ul class=\"dsm_icon_list_items dsm_icon_list_ltr_direction dsm_icon_list_layout_vertical\"><li class=\"dsm_icon_list_child dsm_icon_list_child_6\">\n\t\t\t\t\n\t\t\t\t\n\t\t\t\t\n\t\t\t\t\n\t\t\t\t<a href=\"https:\/\/www.facebook.com\/ProyectosUrbanosGT\/\" target=\"_blank\"><span class=\"dsm_icon_list_wrapper\"><span class=\"dsm_icon_list_icon\">\uf09a<\/span><\/span><span class=\"dsm_icon_list_text\">Facebook<\/span><\/a>\n\t\t\t<\/li><li class=\"dsm_icon_list_child dsm_icon_list_child_7\">\n\t\t\t\t\n\t\t\t\t\n\t\t\t\t\n\t\t\t\t\n\t\t\t\t<a href=\"https:\/\/www.instagram.com\/proyectosurbanossa\" target=\"_blank\"><span class=\"dsm_icon_list_wrapper\"><span class=\"dsm_icon_list_icon\">\ue0b1<\/span><\/span><span class=\"dsm_icon_list_text\">Instragram<\/span><\/a>\n\t\t\t<\/li><\/ul>\n\t\t\t\t<\/div>\n\t\t\t<\/div>Escr\u00edbenos Completa el siguiente formulario para que unos de nuestros asesores te pueda contactar.\u00a0 Todos los campos son obligatorios.\u00a0<\/p>\n","protected":false},"author":2,"featured_media":0,"parent":0,"menu_order":0,"comment_status":"closed","ping_status":"closed","template":"","meta":{"_et_pb_use_builder":"on","_et_pb_old_content":"","_et_gb_content_width":"","footnotes":""},"class_list":["post-1258","page","type-page","status-publish","hentry"],"yoast_head":"<!-- This site is optimized with the Yoast SEO plugin v24.3 - https:\/\/yoast.com\/wordpress\/plugins\/seo\/ -->\n<title>Contactanos - Proyectos Urbanos<\/title>\n<meta name=\"robots\" content=\"index, follow, max-snippet:-1, max-image-preview:large, max-video-preview:-1\" \/>\n<link rel=\"canonical\" href=\"https:\/\/proyectosurbanosgt.com\/?page_id=1258\" \/>\n<meta property=\"og:locale\" content=\"es_ES\" \/>\n<meta property=\"og:type\" content=\"article\" \/>\n<meta property=\"og:title\" content=\"Contactanos - Proyectos Urbanos\" \/>\n<meta property=\"og:description\" content=\"Cont\u00e1ctanos Ser\u00e1 un gusto poder comunicarnos contigo.Conecta con nosotros S\u00e9 parte de nuestra comunidadEscr\u00edbenos Completa el siguiente formulario para que unos de nuestros asesores te pueda contactar.\u00a0 Todos los campos son obligatorios.\u00a0\" \/>\n<meta property=\"og:url\" content=\"https:\/\/proyectosurbanosgt.com\/?page_id=1258\" \/>\n<meta property=\"og:site_name\" content=\"Proyectos Urbanos\" \/>\n<meta property=\"article:modified_time\" content=\"2025-01-24T18:05:25+00:00\" \/>\n<meta name=\"twitter:card\" content=\"summary_large_image\" \/>\n<meta name=\"twitter:label1\" content=\"Tiempo de lectura\" \/>\n\t<meta name=\"twitter:data1\" content=\"6 minutos\" \/>\n<script type=\"application\/ld+json\" class=\"yoast-schema-graph\">{\"@context\":\"https:\/\/schema.org\",\"@graph\":[{\"@type\":\"WebPage\",\"@id\":\"https:\/\/proyectosurbanosgt.com\/?page_id=1258\",\"url\":\"https:\/\/proyectosurbanosgt.com\/?page_id=1258\",\"name\":\"Contactanos - Proyectos Urbanos\",\"isPartOf\":{\"@id\":\"https:\/\/proyectosurbanosgt.com\/#website\"},\"datePublished\":\"2025-01-24T18:03:52+00:00\",\"dateModified\":\"2025-01-24T18:05:25+00:00\",\"breadcrumb\":{\"@id\":\"https:\/\/proyectosurbanosgt.com\/?page_id=1258#breadcrumb\"},\"inLanguage\":\"es\",\"potentialAction\":[{\"@type\":\"ReadAction\",\"target\":[\"https:\/\/proyectosurbanosgt.com\/?page_id=1258\"]}]},{\"@type\":\"BreadcrumbList\",\"@id\":\"https:\/\/proyectosurbanosgt.com\/?page_id=1258#breadcrumb\",\"itemListElement\":[{\"@type\":\"ListItem\",\"position\":1,\"name\":\"Home\",\"item\":\"https:\/\/proyectosurbanosgt.com\/\"},{\"@type\":\"ListItem\",\"position\":2,\"name\":\"Contactanos\"}]},{\"@type\":\"WebSite\",\"@id\":\"https:\/\/proyectosurbanosgt.com\/#website\",\"url\":\"https:\/\/proyectosurbanosgt.com\/\",\"name\":\"Proyectos Urbanos\",\"description\":\"Creemos que el dise\u00f1o planificaci\u00f3n y desarrollo de proyectos, transforman vidas y comunidades\",\"potentialAction\":[{\"@type\":\"SearchAction\",\"target\":{\"@type\":\"EntryPoint\",\"urlTemplate\":\"https:\/\/proyectosurbanosgt.com\/?s={search_term_string}\"},\"query-input\":{\"@type\":\"PropertyValueSpecification\",\"valueRequired\":true,\"valueName\":\"search_term_string\"}}],\"inLanguage\":\"es\"}]}<\/script>\n<!-- \/ Yoast SEO plugin. -->","yoast_head_json":{"title":"Contactanos - Proyectos Urbanos","robots":{"index":"index","follow":"follow","max-snippet":"max-snippet:-1","max-image-preview":"max-image-preview:large","max-video-preview":"max-video-preview:-1"},"canonical":"https:\/\/proyectosurbanosgt.com\/?page_id=1258","og_locale":"es_ES","og_type":"article","og_title":"Contactanos - Proyectos Urbanos","og_description":"Cont\u00e1ctanos Ser\u00e1 un gusto poder comunicarnos contigo.Conecta con nosotros S\u00e9 parte de nuestra comunidadEscr\u00edbenos Completa el siguiente formulario para que unos de nuestros asesores te pueda contactar.\u00a0 Todos los campos son obligatorios.\u00a0","og_url":"https:\/\/proyectosurbanosgt.com\/?page_id=1258","og_site_name":"Proyectos Urbanos","article_modified_time":"2025-01-24T18:05:25+00:00","twitter_card":"summary_large_image","twitter_misc":{"Tiempo de lectura":"6 minutos"},"schema":{"@context":"https:\/\/schema.org","@graph":[{"@type":"WebPage","@id":"https:\/\/proyectosurbanosgt.com\/?page_id=1258","url":"https:\/\/proyectosurbanosgt.com\/?page_id=1258","name":"Contactanos - Proyectos Urbanos","isPartOf":{"@id":"https:\/\/proyectosurbanosgt.com\/#website"},"datePublished":"2025-01-24T18:03:52+00:00","dateModified":"2025-01-24T18:05:25+00:00","breadcrumb":{"@id":"https:\/\/proyectosurbanosgt.com\/?page_id=1258#breadcrumb"},"inLanguage":"es","potentialAction":[{"@type":"ReadAction","target":["https:\/\/proyectosurbanosgt.com\/?page_id=1258"]}]},{"@type":"BreadcrumbList","@id":"https:\/\/proyectosurbanosgt.com\/?page_id=1258#breadcrumb","itemListElement":[{"@type":"ListItem","position":1,"name":"Home","item":"https:\/\/proyectosurbanosgt.com\/"},{"@type":"ListItem","position":2,"name":"Contactanos"}]},{"@type":"WebSite","@id":"https:\/\/proyectosurbanosgt.com\/#website","url":"https:\/\/proyectosurbanosgt.com\/","name":"Proyectos Urbanos","description":"Creemos que el dise\u00f1o planificaci\u00f3n y desarrollo de proyectos, transforman vidas y comunidades","potentialAction":[{"@type":"SearchAction","target":{"@type":"EntryPoint","urlTemplate":"https:\/\/proyectosurbanosgt.com\/?s={search_term_string}"},"query-input":{"@type":"PropertyValueSpecification","valueRequired":true,"valueName":"search_term_string"}}],"inLanguage":"es"}]}},"_links":{"self":[{"href":"https:\/\/proyectosurbanosgt.com\/index.php?rest_route=\/wp\/v2\/pages\/1258","targetHints":{"allow":["GET"]}}],"collection":[{"href":"https:\/\/proyectosurbanosgt.com\/index.php?rest_route=\/wp\/v2\/pages"}],"about":[{"href":"https:\/\/proyectosurbanosgt.com\/index.php?rest_route=\/wp\/v2\/types\/page"}],"author":[{"embeddable":true,"href":"https:\/\/proyectosurbanosgt.com\/index.php?rest_route=\/wp\/v2\/users\/2"}],"replies":[{"embeddable":true,"href":"https:\/\/proyectosurbanosgt.com\/index.php?rest_route=%2Fwp%2Fv2%2Fcomments&post=1258"}],"version-history":[{"count":3,"href":"https:\/\/proyectosurbanosgt.com\/index.php?rest_route=\/wp\/v2\/pages\/1258\/revisions"}],"predecessor-version":[{"id":1262,"href":"https:\/\/proyectosurbanosgt.com\/index.php?rest_route=\/wp\/v2\/pages\/1258\/revisions\/1262"}],"wp:attachment":[{"href":"https:\/\/proyectosurbanosgt.com\/index.php?rest_route=%2Fwp%2Fv2%2Fmedia&parent=1258"}],"curies":[{"name":"wp","href":"https:\/\/api.w.org\/{rel}","templated":true}]}}